{"id":2652,"date":"2025-08-27T18:24:11","date_gmt":"2025-08-27T18:24:11","guid":{"rendered":"https:\/\/ocufysystem.com\/ar\/?post_type=product&#038;p=2652"},"modified":"2025-12-15T15:38:19","modified_gmt":"2025-12-15T15:38:19","slug":"nuevo-ocufybeep","status":"publish","type":"product","link":"https:\/\/ocufysystem.com\/ar\/store\/nuevo-ocufybeep\/","title":{"rendered":"NUEVO OCUFY\u00aeBEEP &#8211; Env\u00edo Gratis!"},"content":{"rendered":"<div class=\"elementor-widget-container\">\n<h1 class=\"elementor-heading-title elementor-size-default\">NUEVO OCUFY\u00aeBEEP<\/h1>\n<\/div>\n<div class=\"elementor-element elementor-element-7de56d3 elementor-widget elementor-widget-heading animated fadeIn\" data-id=\"7de56d3\" data-element_type=\"widget\" data-settings=\"{&quot;_animation&quot;:&quot;fadeIn&quot;}\" data-widget_type=\"heading.default\">\n<div class=\"elementor-widget-container\">\n<h3 class=\"elementor-heading-title elementor-size-default\"><em>POWERED BY DR. DANTE BUONSANTI<\/em><\/h3>\n<\/div>\n<\/div>\n<p>Detecta y alerta cuando B.S.S. est\u00e9 baja.<br \/>\nMantenga a su Equipo Quir\u00fargico 100% concentrado en la cirug\u00eda, mientras que OCUFY\u00aeBEEP monitorea el nivel de B.S.S.<\/p>\n<p>Esta soluci\u00f3n inteligente ayuda a evitar posibles complicaciones causadas por la p\u00e9rdida de infusi\u00f3n durante la cirug\u00eda.<\/p>\n","protected":false},"excerpt":{"rendered":"<p>NUEVO OCUFY\u00ae BEEP IMPULSADO POR EL DR. DANTE BUONSANTI.<br \/>\nPara detectar y alertar cuando el BSS est\u00e1 bajo.<\/p>\n","protected":false},"featured_media":2656,"template":"","meta":{"site-sidebar-layout":"no-sidebar","site-content-layout":"plain-container","ast-site-content-layout":"normal-width-container","site-content-style":"unboxed","site-sidebar-style":"unboxed","ast-global-header-display":"","ast-banner-title-visibility":"","ast-main-header-display":"","ast-hfb-above-header-display":"disabled","ast-hfb-below-header-display":"","ast-hfb-mobile-header-display":"","site-post-title":"","ast-breadcrumbs-content":"disabled","ast-featured-img":"","footer-sml-layout":"","ast-disable-related-posts":"","theme-transparent-header-meta":"default","adv-header-id-meta":"","stick-header-meta":"","header-above-stick-meta":"","header-main-stick-meta":"","header-below-stick-meta":"","astra-migrate-meta-layouts":"set","ast-page-background-enabled":"default","ast-page-background-meta":{"desktop":{"background-color":"var(--ast-global-color-4)","background-image":"","background-repeat":"repeat","background-position":"center center","background-size":"auto","background-attachment":"scroll","background-type":"","background-media":"","overlay-type":"","overlay-color":"","overlay-opacity":"","overlay-gradient":""},"tablet":{"background-color":"","background-image":"","background-repeat":"repeat","background-position":"center center","background-size":"auto","background-attachment":"scroll","background-type":"","background-media":"","overlay-type":"","overlay-color":"","overlay-opacity":"","overlay-gradient":""},"mobile":{"background-color":"","background-image":"","background-repeat":"repeat","background-position":"center center","background-size":"auto","background-attachment":"scroll","background-type":"","background-media":"","overlay-type":"","overlay-color":"","overlay-opacity":"","overlay-gradient":""}},"ast-content-background-meta":{"desktop":{"background-color":"var(--ast-global-color-5)","background-image":"","background-repeat":"repeat","background-position":"center center","background-size":"auto","background-attachment":"scroll","background-type":"","background-media":"","overlay-type":"","overlay-color":"","overlay-opacity":"","overlay-gradient":""},"tablet":{"background-color":"var(--ast-global-color-5)","background-image":"","background-repeat":"repeat","background-position":"center center","background-size":"auto","background-attachment":"scroll","background-type":"","background-media":"","overlay-type":"","overlay-color":"","overlay-opacity":"","overlay-gradient":""},"mobile":{"background-color":"var(--ast-global-color-5)","background-image":"","background-repeat":"repeat","background-position":"center center","background-size":"auto","background-attachment":"scroll","background-type":"","background-media":"","overlay-type":"","overlay-color":"","overlay-opacity":"","overlay-gradient":""}},"_joinchat":[]},"product_brand":[],"product_cat":[36],"product_tag":[],"class_list":{"0":"post-2652","1":"product","2":"type-product","3":"status-publish","4":"has-post-thumbnail","6":"product_cat-oftalmologia","7":"desktop-align-left","8":"tablet-align-left","9":"mobile-align-left","11":"first","12":"instock","13":"taxable","14":"shipping-taxable","15":"purchasable","16":"product-type-simple"},"_links":{"self":[{"href":"https:\/\/ocufysystem.com\/ar\/wp-json\/wp\/v2\/product\/2652","targetHints":{"allow":["GET"]}}],"collection":[{"href":"https:\/\/ocufysystem.com\/ar\/wp-json\/wp\/v2\/product"}],"about":[{"href":"https:\/\/ocufysystem.com\/ar\/wp-json\/wp\/v2\/types\/product"}],"wp:featuredmedia":[{"embeddable":true,"href":"https:\/\/ocufysystem.com\/ar\/wp-json\/wp\/v2\/media\/2656"}],"wp:attachment":[{"href":"https:\/\/ocufysystem.com\/ar\/wp-json\/wp\/v2\/media?parent=2652"}],"wp:term":[{"taxonomy":"product_brand","embeddable":true,"href":"https:\/\/ocufysystem.com\/ar\/wp-json\/wp\/v2\/product_brand?post=2652"},{"taxonomy":"product_cat","embeddable":true,"href":"https:\/\/ocufysystem.com\/ar\/wp-json\/wp\/v2\/product_cat?post=2652"},{"taxonomy":"product_tag","embeddable":true,"href":"https:\/\/ocufysystem.com\/ar\/wp-json\/wp\/v2\/product_tag?post=2652"}],"curies":[{"name":"wp","href":"https:\/\/api.w.org\/{rel}","templated":true}]}}