{"id":2638,"date":"2025-08-27T18:07:36","date_gmt":"2025-08-27T18:07:36","guid":{"rendered":"https:\/\/ocufysystem.com\/ar\/?post_type=product&#038;p=2638"},"modified":"2026-04-23T14:56:52","modified_gmt":"2026-04-23T14:56:52","slug":"nuevo-ocufywide-edicion-metalica-envio-gratis","status":"publish","type":"product","link":"https:\/\/ocufysystem.com\/ar\/store\/nuevo-ocufywide-edicion-metalica-envio-gratis\/","title":{"rendered":"NUEVO OCUFY\u00aeWIDE (Edici\u00f3n met\u00e1lica) &#8211; Env\u00edo Gratis!"},"content":{"rendered":"<p>NUEVO OCUFY\u00ae WIDE Edici\u00f3n Met\u00e1lica para la digitalizaci\u00f3n de l\u00e1mparas de hendidura y microscopios. 1 Unidad.<\/p>\n<p>Nueva placa frontal met\u00e1lica. Tapa antirreflejo y tope de seguridad. Mantiene el tel\u00e9fono en su sitio y evita el reflejo de la luz.<\/p>\n<p>Con OCUFY\u00ae WIDE puedes tomar fotograf\u00edas y hacer v\u00eddeos utilizando el formato de pantalla ancha y transmitirlos de forma inal\u00e1mbrica a un televisor o monitor.<br \/>\nCada OCUFY\u00ae WIDE incluye dos (2) placas magn\u00e9ticas. Solo se necesita una (1) para usar el dispositivo.<\/p>\n<p>Conserva el extra como repuesto o d\u00e1selo a otro usuario.<br \/>\nSi necesita m\u00e1s placas magn\u00e9ticas, agr\u00e9guelas a su pedido en la Tienda<\/p>\n","protected":false},"excerpt":{"rendered":"<p>NUEVO OCUFY\u00ae WIDE Edici\u00f3n Met\u00e1lica para la digitalizaci\u00f3n de l\u00e1mparas de hendidura y microscopios<\/p>\n","protected":false},"featured_media":2645,"template":"","meta":{"site-sidebar-layout":"no-sidebar","site-content-layout":"plain-container","ast-site-content-layout":"normal-width-container","site-content-style":"unboxed","site-sidebar-style":"unboxed","ast-global-header-display":"","ast-banner-title-visibility":"","ast-main-header-display":"","ast-hfb-above-header-display":"disabled","ast-hfb-below-header-display":"","ast-hfb-mobile-header-display":"","site-post-title":"","ast-breadcrumbs-content":"disabled","ast-featured-img":"","footer-sml-layout":"","ast-disable-related-posts":"","theme-transparent-header-meta":"default","adv-header-id-meta":"","stick-header-meta":"","header-above-stick-meta":"","header-main-stick-meta":"","header-below-stick-meta":"","astra-migrate-meta-layouts":"set","ast-page-background-enabled":"default","ast-page-background-meta":{"desktop":{"background-color":"var(--ast-global-color-4)","background-image":"","background-repeat":"repeat","background-position":"center center","background-size":"auto","background-attachment":"scroll","background-type":"","background-media":"","overlay-type":"","overlay-color":"","overlay-opacity":"","overlay-gradient":""},"tablet":{"background-color":"","background-image":"","background-repeat":"repeat","background-position":"center center","background-size":"auto","background-attachment":"scroll","background-type":"","background-media":"","overlay-type":"","overlay-color":"","overlay-opacity":"","overlay-gradient":""},"mobile":{"background-color":"","background-image":"","background-repeat":"repeat","background-position":"center center","background-size":"auto","background-attachment":"scroll","background-type":"","background-media":"","overlay-type":"","overlay-color":"","overlay-opacity":"","overlay-gradient":""}},"ast-content-background-meta":{"desktop":{"background-color":"var(--ast-global-color-5)","background-image":"","background-repeat":"repeat","background-position":"center center","background-size":"auto","background-attachment":"scroll","background-type":"","background-media":"","overlay-type":"","overlay-color":"","overlay-opacity":"","overlay-gradient":""},"tablet":{"background-color":"var(--ast-global-color-5)","background-image":"","background-repeat":"repeat","background-position":"center center","background-size":"auto","background-attachment":"scroll","background-type":"","background-media":"","overlay-type":"","overlay-color":"","overlay-opacity":"","overlay-gradient":""},"mobile":{"background-color":"var(--ast-global-color-5)","background-image":"","background-repeat":"repeat","background-position":"center center","background-size":"auto","background-attachment":"scroll","background-type":"","background-media":"","overlay-type":"","overlay-color":"","overlay-opacity":"","overlay-gradient":""}},"_joinchat":[]},"product_brand":[],"product_cat":[36],"product_tag":[],"class_list":{"0":"post-2638","1":"product","2":"type-product","3":"status-publish","4":"has-post-thumbnail","6":"product_cat-oftalmologia","7":"desktop-align-left","8":"tablet-align-left","9":"mobile-align-left","11":"first","12":"outofstock","13":"taxable","14":"shipping-taxable","15":"purchasable","16":"product-type-variable"},"_links":{"self":[{"href":"https:\/\/ocufysystem.com\/ar\/wp-json\/wp\/v2\/product\/2638","targetHints":{"allow":["GET"]}}],"collection":[{"href":"https:\/\/ocufysystem.com\/ar\/wp-json\/wp\/v2\/product"}],"about":[{"href":"https:\/\/ocufysystem.com\/ar\/wp-json\/wp\/v2\/types\/product"}],"wp:featuredmedia":[{"embeddable":true,"href":"https:\/\/ocufysystem.com\/ar\/wp-json\/wp\/v2\/media\/2645"}],"wp:attachment":[{"href":"https:\/\/ocufysystem.com\/ar\/wp-json\/wp\/v2\/media?parent=2638"}],"wp:term":[{"taxonomy":"product_brand","embeddable":true,"href":"https:\/\/ocufysystem.com\/ar\/wp-json\/wp\/v2\/product_brand?post=2638"},{"taxonomy":"product_cat","embeddable":true,"href":"https:\/\/ocufysystem.com\/ar\/wp-json\/wp\/v2\/product_cat?post=2638"},{"taxonomy":"product_tag","embeddable":true,"href":"https:\/\/ocufysystem.com\/ar\/wp-json\/wp\/v2\/product_tag?post=2638"}],"curies":[{"name":"wp","href":"https:\/\/api.w.org\/{rel}","templated":true}]}}