{"id":1137,"date":"2021-06-03T16:02:45","date_gmt":"2021-06-03T16:02:45","guid":{"rendered":"https:\/\/ocufysystem.com\/ar\/?post_type=product&#038;p=1137"},"modified":"2025-12-15T15:39:11","modified_gmt":"2025-12-15T15:39:11","slug":"placa-magnetica-ocufy","status":"publish","type":"product","link":"https:\/\/ocufysystem.com\/ar\/store\/placa-magnetica-ocufy\/","title":{"rendered":"Placa Magn\u00e9tica para OCUFY\u00ae Pack X4"},"content":{"rendered":"<p>Placa Magn\u00e9tica para tu OCUFY\u00ae . 4 unidades.<\/p>\n<p>Se incluyen 2 placas magn\u00e9ticas por cada OCUFY\u00ae. Se utiliza 1 por usuario. Pueden ser utilizadas como extra o por otro usuario.<br \/>\nSi requieres m\u00e1s unidades, puedes agregarlas a tu compra desde la tienda.<\/p>\n<p>Una vez concretado el pago, su orden se procesar\u00e1 dentro de los pr\u00f3ximos 3 d\u00edas h\u00e1biles.<br \/>\nLe llegar\u00e1 una confirmaci\u00f3n cuando su env\u00edo est\u00e9 en camino.<\/p>\n","protected":false},"excerpt":{"rendered":"<p>Placa Magn\u00e9tica para OCUFY\u00ae System. 4 unidades<\/p>\n","protected":false},"featured_media":2055,"template":"","meta":{"site-sidebar-layout":"no-sidebar","site-content-layout":"plain-container","ast-site-content-layout":"normal-width-container","site-content-style":"unboxed","site-sidebar-style":"unboxed","ast-global-header-display":"","ast-banner-title-visibility":"","ast-main-header-display":"","ast-hfb-above-header-display":"disabled","ast-hfb-below-header-display":"","ast-hfb-mobile-header-display":"","site-post-title":"","ast-breadcrumbs-content":"disabled","ast-featured-img":"","footer-sml-layout":"","ast-disable-related-posts":"","theme-transparent-header-meta":"default","adv-header-id-meta":"","stick-header-meta":"","header-above-stick-meta":"","header-main-stick-meta":"","header-below-stick-meta":"","astra-migrate-meta-layouts":"set","ast-page-background-enabled":"default","ast-page-background-meta":{"desktop":{"background-color":"var(--ast-global-color-4)","background-image":"","background-repeat":"repeat","background-position":"center center","background-size":"auto","background-attachment":"scroll","background-type":"","background-media":"","overlay-type":"","overlay-color":"","overlay-opacity":"","overlay-gradient":""},"tablet":{"background-color":"","background-image":"","background-repeat":"repeat","background-position":"center center","background-size":"auto","background-attachment":"scroll","background-type":"","background-media":"","overlay-type":"","overlay-color":"","overlay-opacity":"","overlay-gradient":""},"mobile":{"background-color":"","background-image":"","background-repeat":"repeat","background-position":"center center","background-size":"auto","background-attachment":"scroll","background-type":"","background-media":"","overlay-type":"","overlay-color":"","overlay-opacity":"","overlay-gradient":""}},"ast-content-background-meta":{"desktop":{"background-color":"var(--ast-global-color-5)","background-image":"","background-repeat":"repeat","background-position":"center center","background-size":"auto","background-attachment":"scroll","background-type":"","background-media":"","overlay-type":"","overlay-color":"","overlay-opacity":"","overlay-gradient":""},"tablet":{"background-color":"var(--ast-global-color-5)","background-image":"","background-repeat":"repeat","background-position":"center center","background-size":"auto","background-attachment":"scroll","background-type":"","background-media":"","overlay-type":"","overlay-color":"","overlay-opacity":"","overlay-gradient":""},"mobile":{"background-color":"var(--ast-global-color-5)","background-image":"","background-repeat":"repeat","background-position":"center center","background-size":"auto","background-attachment":"scroll","background-type":"","background-media":"","overlay-type":"","overlay-color":"","overlay-opacity":"","overlay-gradient":""}},"_joinchat":[]},"product_brand":[],"product_cat":[37,36],"product_tag":[],"class_list":{"0":"post-1137","1":"product","2":"type-product","3":"status-publish","4":"has-post-thumbnail","6":"product_cat-ginecologia","7":"product_cat-oftalmologia","8":"desktop-align-left","9":"tablet-align-left","10":"mobile-align-left","12":"first","13":"instock","14":"taxable","15":"shipping-taxable","16":"purchasable","17":"product-type-simple"},"_links":{"self":[{"href":"https:\/\/ocufysystem.com\/ar\/wp-json\/wp\/v2\/product\/1137","targetHints":{"allow":["GET"]}}],"collection":[{"href":"https:\/\/ocufysystem.com\/ar\/wp-json\/wp\/v2\/product"}],"about":[{"href":"https:\/\/ocufysystem.com\/ar\/wp-json\/wp\/v2\/types\/product"}],"wp:featuredmedia":[{"embeddable":true,"href":"https:\/\/ocufysystem.com\/ar\/wp-json\/wp\/v2\/media\/2055"}],"wp:attachment":[{"href":"https:\/\/ocufysystem.com\/ar\/wp-json\/wp\/v2\/media?parent=1137"}],"wp:term":[{"taxonomy":"product_brand","embeddable":true,"href":"https:\/\/ocufysystem.com\/ar\/wp-json\/wp\/v2\/product_brand?post=1137"},{"taxonomy":"product_cat","embeddable":true,"href":"https:\/\/ocufysystem.com\/ar\/wp-json\/wp\/v2\/product_cat?post=1137"},{"taxonomy":"product_tag","embeddable":true,"href":"https:\/\/ocufysystem.com\/ar\/wp-json\/wp\/v2\/product_tag?post=1137"}],"curies":[{"name":"wp","href":"https:\/\/api.w.org\/{rel}","templated":true}]}}